{"id":2021,"date":"2022-10-30T11:13:24","date_gmt":"2022-10-30T10:13:24","guid":{"rendered":"https:\/\/geomatics.fsv.cvut.cz\/?page_id=2021"},"modified":"2023-06-18T13:07:01","modified_gmt":"2023-06-18T11:07:01","slug":"about_us_and_geomatics","status":"publish","type":"page","link":"https:\/\/geomatics.fsv.cvut.cz\/en\/about_us_and_geomatics\/","title":{"rendered":"About Us &amp; Geomatics"},"content":{"rendered":"<div data-elementor-type=\"wp-page\" data-elementor-id=\"2021\" class=\"elementor elementor-2021\" data-elementor-post-type=\"page\">\n\t\t\t\t<div class=\"elementor-element elementor-element-06c96cf e-flex e-con-boxed e-con e-parent\" data-id=\"06c96cf\" data-element_type=\"container\" data-settings=\"{&quot;background_background&quot;:&quot;classic&quot;}\">\n\t\t\t\t\t<div class=\"e-con-inner\">\n\t\t\t\t<div class=\"elementor-element elementor-element-a6dc70a elementor-widget elementor-widget-heading\" data-id=\"a6dc70a\" data-element_type=\"widget\" data-widget_type=\"heading.default\">\n\t\t\t\t<div class=\"elementor-widget-container\">\n\t\t\t\t\t<h1 class=\"elementor-heading-title elementor-size-default\">Our Department<\/h1>\t\t\t\t<\/div>\n\t\t\t\t<\/div>\n\t\t\t\t<div class=\"elementor-element elementor-element-976fd8f elementor-widget-divider--view-line elementor-widget elementor-widget-divider\" data-id=\"976fd8f\" data-element_type=\"widget\" data-widget_type=\"divider.default\">\n\t\t\t\t<div class=\"elementor-widget-container\">\n\t\t\t\t\t\t\t<div class=\"elementor-divider\">\n\t\t\t<span class=\"elementor-divider-separator\">\n\t\t\t\t\t\t<\/span>\n\t\t<\/div>\n\t\t\t\t\t\t<\/div>\n\t\t\t\t<\/div>\n\t\t\t\t<div class=\"elementor-element elementor-element-d6f0353 elementor-widget__width-initial elementor-widget elementor-widget-text-editor\" data-id=\"d6f0353\" data-element_type=\"widget\" data-widget_type=\"text-editor.default\">\n\t\t\t\t<div class=\"elementor-widget-container\">\n\t\t\t\t\t\t\t\t\t<p>We are a team from the Faculty of Civil Engineering of the Czech Technical University in Prague. We are largely responsible for the teaching of the <a href=\"https:\/\/www.fsv.cvut.cz\/uchazeci\/bakalarske-studium\/geodezie-a-kartografie\/\">Geodesy and Cartography<\/a>\u00a0degree programme and the <a href=\"https:\/\/www.fsv.cvut.cz\/uchazeci\/magisterske-studium\/geodezie-a-kartografie\/inzenyrska-geodezie\/\" target=\"_blank\" rel=\"noopener\">Engineering Geodesy<\/a>\u00a0and <a href=\"https:\/\/www.fsv.cvut.cz\/uchazeci\/magisterske-studium\/geodezie-a-kartografie\/geomatika\/\" target=\"_blank\" rel=\"noopener\">Geomatics<\/a>. However, our capacities are also used by other disciplines such as Architecture and Civil Engineering or other faculties of the CTU in Prague, e.g. the Faculty of Transport. We also offer <a href=\"https:\/\/www.fsv.cvut.cz\/uchazeci\/doktorske-studium\/geodezie-a-kartografie\/\" target=\"_blank\" rel=\"noopener\">PhD<\/a>\u00a0study programme Geodesy and cartography (Czech and English).<\/p>\t\t\t\t\t\t\t\t<\/div>\n\t\t\t\t<\/div>\n\t\t\t\t<div class=\"elementor-element elementor-element-bb1a175 elementor-widget elementor-widget-spacer\" data-id=\"bb1a175\" data-element_type=\"widget\" data-widget_type=\"spacer.default\">\n\t\t\t\t<div class=\"elementor-widget-container\">\n\t\t\t\t\t\t\t<div class=\"elementor-spacer\">\n\t\t\t<div class=\"elementor-spacer-inner\"><\/div>\n\t\t<\/div>\n\t\t\t\t\t\t<\/div>\n\t\t\t\t<\/div>\n\t\t\t\t<div class=\"elementor-element elementor-element-2d7f4e1 elementor-widget elementor-widget-heading\" data-id=\"2d7f4e1\" data-element_type=\"widget\" data-widget_type=\"heading.default\">\n\t\t\t\t<div class=\"elementor-widget-container\">\n\t\t\t\t\t<div class=\"elementor-heading-title elementor-size-default\">We offer courses in many fields:<\/div>\t\t\t\t<\/div>\n\t\t\t\t<\/div>\n\t\t<div class=\"elementor-element elementor-element-7c1e9be e-con-full e-flex e-con e-child\" data-id=\"7c1e9be\" data-element_type=\"container\">\n\t\t<div class=\"elementor-element elementor-element-d76389c e-con-full e-flex e-con e-child\" data-id=\"d76389c\" data-element_type=\"container\">\n\t\t\t\t<div class=\"elementor-element elementor-element-0bb2ebb elementor-widget elementor-widget-image\" data-id=\"0bb2ebb\" data-element_type=\"widget\" data-widget_type=\"image.default\">\n\t\t\t\t<div class=\"elementor-widget-container\">\n\t\t\t\t\t\t\t\t\t\t\t\t\t\t\t<img decoding=\"async\" width=\"100\" height=\"89\" src=\"https:\/\/geomatics.fsv.cvut.cz\/wp-content\/uploads\/2023\/01\/101.svg\" class=\"attachment-large size-large wp-image-5503\" alt=\"\" \/>\t\t\t\t\t\t\t\t\t\t\t\t\t\t\t<\/div>\n\t\t\t\t<\/div>\n\t\t\t\t<div class=\"elementor-element elementor-element-e8ecf84 elementor-widget elementor-widget-heading\" data-id=\"e8ecf84\" data-element_type=\"widget\" data-widget_type=\"heading.default\">\n\t\t\t\t<div class=\"elementor-widget-container\">\n\t\t\t\t\t<h2 class=\"elementor-heading-title elementor-size-default\">Geographic Information System (GIS)<\/h2>\t\t\t\t<\/div>\n\t\t\t\t<\/div>\n\t\t\t\t<\/div>\n\t\t<div class=\"elementor-element elementor-element-7255873 e-con-full e-flex e-con e-child\" data-id=\"7255873\" data-element_type=\"container\">\n\t\t\t\t<div class=\"elementor-element elementor-element-d613d76 elementor-widget elementor-widget-image\" data-id=\"d613d76\" data-element_type=\"widget\" data-widget_type=\"image.default\">\n\t\t\t\t<div class=\"elementor-widget-container\">\n\t\t\t\t\t\t\t\t\t\t\t\t\t\t\t<img decoding=\"async\" width=\"100\" height=\"75\" src=\"https:\/\/geomatics.fsv.cvut.cz\/wp-content\/uploads\/2023\/01\/102.svg\" class=\"attachment-large size-large wp-image-5497\" alt=\"\" \/>\t\t\t\t\t\t\t\t\t\t\t\t\t\t\t<\/div>\n\t\t\t\t<\/div>\n\t\t\t\t<div class=\"elementor-element elementor-element-8ce8e35 elementor-widget elementor-widget-heading\" data-id=\"8ce8e35\" data-element_type=\"widget\" data-widget_type=\"heading.default\">\n\t\t\t\t<div class=\"elementor-widget-container\">\n\t\t\t\t\t<h2 class=\"elementor-heading-title elementor-size-default\">Digital Cartography<\/h2>\t\t\t\t<\/div>\n\t\t\t\t<\/div>\n\t\t\t\t<\/div>\n\t\t<div class=\"elementor-element elementor-element-e68ad2b e-con-full e-flex e-con e-child\" data-id=\"e68ad2b\" data-element_type=\"container\">\n\t\t\t\t<div class=\"elementor-element elementor-element-05c82f6 elementor-widget elementor-widget-image\" data-id=\"05c82f6\" data-element_type=\"widget\" data-widget_type=\"image.default\">\n\t\t\t\t<div class=\"elementor-widget-container\">\n\t\t\t\t\t\t\t\t\t\t\t\t\t\t\t<img decoding=\"async\" width=\"100\" height=\"100\" src=\"https:\/\/geomatics.fsv.cvut.cz\/wp-content\/uploads\/2023\/01\/103.svg\" class=\"attachment-large size-large wp-image-5498\" alt=\"\" \/>\t\t\t\t\t\t\t\t\t\t\t\t\t\t\t<\/div>\n\t\t\t\t<\/div>\n\t\t\t\t<div class=\"elementor-element elementor-element-11efdb3 elementor-widget elementor-widget-heading\" data-id=\"11efdb3\" data-element_type=\"widget\" data-widget_type=\"heading.default\">\n\t\t\t\t<div class=\"elementor-widget-container\">\n\t\t\t\t\t<h2 class=\"elementor-heading-title elementor-size-default\">Photogrammetry<\/h2>\t\t\t\t<\/div>\n\t\t\t\t<\/div>\n\t\t\t\t<\/div>\n\t\t<div class=\"elementor-element elementor-element-1188367 e-con-full e-flex e-con e-child\" data-id=\"1188367\" data-element_type=\"container\">\n\t\t\t\t<div class=\"elementor-element elementor-element-731c30d elementor-widget elementor-widget-image\" data-id=\"731c30d\" data-element_type=\"widget\" data-widget_type=\"image.default\">\n\t\t\t\t<div class=\"elementor-widget-container\">\n\t\t\t\t\t\t\t\t\t\t\t\t\t\t\t<img loading=\"lazy\" decoding=\"async\" width=\"91\" height=\"100\" src=\"https:\/\/geomatics.fsv.cvut.cz\/wp-content\/uploads\/2023\/01\/104.svg\" class=\"attachment-large size-large wp-image-5499\" alt=\"\" \/>\t\t\t\t\t\t\t\t\t\t\t\t\t\t\t<\/div>\n\t\t\t\t<\/div>\n\t\t\t\t<div class=\"elementor-element elementor-element-144d875 elementor-widget elementor-widget-heading\" data-id=\"144d875\" data-element_type=\"widget\" data-widget_type=\"heading.default\">\n\t\t\t\t<div class=\"elementor-widget-container\">\n\t\t\t\t\t<h2 class=\"elementor-heading-title elementor-size-default\">Space Geodesy<\/h2>\t\t\t\t<\/div>\n\t\t\t\t<\/div>\n\t\t\t\t<\/div>\n\t\t<div class=\"elementor-element elementor-element-6a69f86 e-con-full e-flex e-con e-child\" data-id=\"6a69f86\" data-element_type=\"container\">\n\t\t\t\t<div class=\"elementor-element elementor-element-51b9872 elementor-widget elementor-widget-image\" data-id=\"51b9872\" data-element_type=\"widget\" data-widget_type=\"image.default\">\n\t\t\t\t<div class=\"elementor-widget-container\">\n\t\t\t\t\t\t\t\t\t\t\t\t\t\t\t<img loading=\"lazy\" decoding=\"async\" width=\"100\" height=\"100\" src=\"https:\/\/geomatics.fsv.cvut.cz\/wp-content\/uploads\/2023\/01\/105.svg\" class=\"attachment-large size-large wp-image-5500\" alt=\"\" \/>\t\t\t\t\t\t\t\t\t\t\t\t\t\t\t<\/div>\n\t\t\t\t<\/div>\n\t\t\t\t<div class=\"elementor-element elementor-element-b4e518c elementor-widget elementor-widget-heading\" data-id=\"b4e518c\" data-element_type=\"widget\" data-widget_type=\"heading.default\">\n\t\t\t\t<div class=\"elementor-widget-container\">\n\t\t\t\t\t<h2 class=\"elementor-heading-title elementor-size-default\">Remote Sensing<\/h2>\t\t\t\t<\/div>\n\t\t\t\t<\/div>\n\t\t\t\t<\/div>\n\t\t<div class=\"elementor-element elementor-element-2698c04 e-con-full e-flex e-con e-child\" data-id=\"2698c04\" data-element_type=\"container\">\n\t\t\t\t<div class=\"elementor-element elementor-element-a7c9c14 elementor-widget elementor-widget-image\" data-id=\"a7c9c14\" data-element_type=\"widget\" data-widget_type=\"image.default\">\n\t\t\t\t<div class=\"elementor-widget-container\">\n\t\t\t\t\t\t\t\t\t\t\t\t\t\t\t<img loading=\"lazy\" decoding=\"async\" width=\"65\" height=\"100\" src=\"https:\/\/geomatics.fsv.cvut.cz\/wp-content\/uploads\/2023\/01\/106.svg\" class=\"attachment-large size-large wp-image-5501\" alt=\"\" \/>\t\t\t\t\t\t\t\t\t\t\t\t\t\t\t<\/div>\n\t\t\t\t<\/div>\n\t\t\t\t<div class=\"elementor-element elementor-element-3f7566a elementor-widget elementor-widget-heading\" data-id=\"3f7566a\" data-element_type=\"widget\" data-widget_type=\"heading.default\">\n\t\t\t\t<div class=\"elementor-widget-container\">\n\t\t\t\t\t<h2 class=\"elementor-heading-title elementor-size-default\">Surveying Instruments<\/h2>\t\t\t\t<\/div>\n\t\t\t\t<\/div>\n\t\t\t\t<\/div>\n\t\t<div class=\"elementor-element elementor-element-14c5bba e-con-full e-flex e-con e-child\" data-id=\"14c5bba\" data-element_type=\"container\">\n\t\t\t\t<div class=\"elementor-element elementor-element-de781c3 elementor-widget elementor-widget-image\" data-id=\"de781c3\" data-element_type=\"widget\" data-widget_type=\"image.default\">\n\t\t\t\t<div class=\"elementor-widget-container\">\n\t\t\t\t\t\t\t\t\t\t\t\t\t\t\t<img loading=\"lazy\" decoding=\"async\" width=\"100\" height=\"100\" src=\"https:\/\/geomatics.fsv.cvut.cz\/wp-content\/uploads\/2023\/01\/107.svg\" class=\"attachment-large size-large wp-image-5502\" alt=\"\" \/>\t\t\t\t\t\t\t\t\t\t\t\t\t\t\t<\/div>\n\t\t\t\t<\/div>\n\t\t\t\t<div class=\"elementor-element elementor-element-d8b52c4 elementor-widget elementor-widget-heading\" data-id=\"d8b52c4\" data-element_type=\"widget\" data-widget_type=\"heading.default\">\n\t\t\t\t<div class=\"elementor-widget-container\">\n\t\t\t\t\t<h2 class=\"elementor-heading-title elementor-size-default\">Land Register<\/h2>\t\t\t\t<\/div>\n\t\t\t\t<\/div>\n\t\t\t\t<\/div>\n\t\t\t\t<\/div>\n\t\t\t\t\t<\/div>\n\t\t\t\t<\/div>\n\t\t<div class=\"elementor-element elementor-element-4790cf2 e-con-full e-flex e-con e-parent\" data-id=\"4790cf2\" data-element_type=\"container\">\n\t\t<div class=\"elementor-element elementor-element-9921201 e-con-full e-flex e-con e-child\" data-id=\"9921201\" data-element_type=\"container\" data-settings=\"{&quot;background_background&quot;:&quot;classic&quot;}\">\n\t\t\t\t<div class=\"elementor-element elementor-element-a3f06c0 elementor-widget elementor-widget-heading\" data-id=\"a3f06c0\" data-element_type=\"widget\" data-widget_type=\"heading.default\">\n\t\t\t\t<div class=\"elementor-widget-container\">\n\t\t\t\t\t<h2 class=\"elementor-heading-title elementor-size-default\">Geomatics at The Faculty of Civil Engineering of the CTU<\/h2>\t\t\t\t<\/div>\n\t\t\t\t<\/div>\n\t\t\t\t<div class=\"elementor-element elementor-element-16e80fc elementor-widget elementor-widget-text-editor\" data-id=\"16e80fc\" data-element_type=\"widget\" data-widget_type=\"text-editor.default\">\n\t\t\t\t<div class=\"elementor-widget-container\">\n\t\t\t\t\t\t\t\t\tWe have a friendly and open approach to students and research, we participate in interdisciplinary and international cooperation in the form of NAKI, TA\u010cR, GA\u010cR, etc. In our research we focus on the topics of modern cartographic methods, study of historical map bases, 3D modelling and virtual reality, aerial photogrammetry, geographic information systems, remote sensing, cadastre and mapping.\t\t\t\t\t\t\t\t<\/div>\n\t\t\t\t<\/div>\n\t\t<div class=\"elementor-element elementor-element-df49653 e-con-full e-flex e-con e-child\" data-id=\"df49653\" data-element_type=\"container\">\n\t\t\t\t<div class=\"elementor-element elementor-element-7489aa1 elementor-widget elementor-widget-heading\" data-id=\"7489aa1\" data-element_type=\"widget\" data-widget_type=\"heading.default\">\n\t\t\t\t<div class=\"elementor-widget-container\">\n\t\t\t\t\t<h2 class=\"elementor-heading-title elementor-size-default\">Karel Pavelka<\/h2>\t\t\t\t<\/div>\n\t\t\t\t<\/div>\n\t\t\t\t<div class=\"elementor-element elementor-element-f4b9716 elementor-widget elementor-widget-heading\" data-id=\"f4b9716\" data-element_type=\"widget\" data-widget_type=\"heading.default\">\n\t\t\t\t<div class=\"elementor-widget-container\">\n\t\t\t\t\t<h2 class=\"elementor-heading-title elementor-size-default\">Head of Department<\/h2>\t\t\t\t<\/div>\n\t\t\t\t<\/div>\n\t\t\t\t<\/div>\n\t\t\t\t<\/div>\n\t\t<div class=\"elementor-element elementor-element-29091c2 e-con-full e-flex e-con e-child\" data-id=\"29091c2\" data-element_type=\"container\" data-settings=\"{&quot;background_background&quot;:&quot;classic&quot;}\">\n\t\t\t\t<\/div>\n\t\t\t\t<\/div>\n\t\t<div class=\"elementor-element elementor-element-93a374a e-con-full e-flex e-con e-parent\" data-id=\"93a374a\" data-element_type=\"container\">\n\t\t<div class=\"elementor-element elementor-element-5015cf5 e-con-full e-flex e-con e-child\" data-id=\"5015cf5\" data-element_type=\"container\" data-settings=\"{&quot;background_background&quot;:&quot;classic&quot;}\">\n\t\t\t\t<\/div>\n\t\t<div class=\"elementor-element elementor-element-628781b e-con-full e-flex e-con e-child\" data-id=\"628781b\" data-element_type=\"container\" data-settings=\"{&quot;background_background&quot;:&quot;classic&quot;}\">\n\t\t\t\t<div class=\"elementor-element elementor-element-c7673db elementor-widget elementor-widget-heading\" data-id=\"c7673db\" data-element_type=\"widget\" data-widget_type=\"heading.default\">\n\t\t\t\t<div class=\"elementor-widget-container\">\n\t\t\t\t\t<h2 class=\"elementor-heading-title elementor-size-default\">Department Facility<\/h2>\t\t\t\t<\/div>\n\t\t\t\t<\/div>\n\t\t\t\t<div class=\"elementor-element elementor-element-9e879ed elementor-widget elementor-widget-text-editor\" data-id=\"9e879ed\" data-element_type=\"widget\" data-widget_type=\"text-editor.default\">\n\t\t\t\t<div class=\"elementor-widget-container\">\n\t\t\t\t\t\t\t\t\tWe are equipped with modern instruments and computer technology for research and teaching. We have three computer rooms, a geodetic instruments laboratory, a photogrammetry laboratory, a virtual reality laboratory and an astronomical observatory on the roof of the building. In terms of instruments, we use Leica, Trimble and DJI drones. From software we use AutoCAD, MicroStation, Agisoft Metashape, Esri ArcGIS Pro, QGIS, GRASS GIS, OCAD, etc.\t\t\t\t\t\t\t\t<\/div>\n\t\t\t\t<\/div>\n\t\t\t\t<div class=\"elementor-element elementor-element-ed6a432 elementor-widget elementor-widget-heading\" data-id=\"ed6a432\" data-element_type=\"widget\" data-widget_type=\"heading.default\">\n\t\t\t\t<div class=\"elementor-widget-container\">\n\t\t\t\t\t<div class=\"elementor-heading-title elementor-size-default\">&nbsp;<\/div>\t\t\t\t<\/div>\n\t\t\t\t<\/div>\n\t\t\t\t<\/div>\n\t\t\t\t<\/div>\n\t\t<div class=\"elementor-element elementor-element-28051c4 e-con-full e-flex e-con e-parent\" data-id=\"28051c4\" data-element_type=\"container\">\n\t\t<div class=\"elementor-element elementor-element-9e66cee e-con-full e-flex e-con e-child\" data-id=\"9e66cee\" data-element_type=\"container\" data-settings=\"{&quot;background_background&quot;:&quot;classic&quot;}\">\n\t\t\t\t<div class=\"elementor-element elementor-element-9686ecf elementor-widget elementor-widget-heading\" data-id=\"9686ecf\" data-element_type=\"widget\" data-widget_type=\"heading.default\">\n\t\t\t\t<div class=\"elementor-widget-container\">\n\t\t\t\t\t<h2 class=\"elementor-heading-title elementor-size-default\">Let's study geomatics!<\/h2>\t\t\t\t<\/div>\n\t\t\t\t<\/div>\n\t\t\t\t<div class=\"elementor-element elementor-element-6615f74 elementor-widget elementor-widget-text-editor\" data-id=\"6615f74\" data-element_type=\"widget\" data-widget_type=\"text-editor.default\">\n\t\t\t\t<div class=\"elementor-widget-container\">\n\t\t\t\t\t\t\t\t\tContact us or come straight to the open days of the Faculty of Civil Engineering, when we give personal tours of our laboratories, showcase the equipment of the department and the best student outputs.\t\t\t\t\t\t\t\t<\/div>\n\t\t\t\t<\/div>\n\t\t<div class=\"elementor-element elementor-element-75054b3 e-con-full e-flex e-con e-child\" data-id=\"75054b3\" data-element_type=\"container\">\n\t\t\t\t<div class=\"elementor-element elementor-element-3a107b7 elementor-widget elementor-widget-heading\" data-id=\"3a107b7\" data-element_type=\"widget\" data-widget_type=\"heading.default\">\n\t\t\t\t<div class=\"elementor-widget-container\">\n\t\t\t\t\t<h2 class=\"elementor-heading-title elementor-size-default\">Ji\u0159\u00ed Cajthaml<\/h2>\t\t\t\t<\/div>\n\t\t\t\t<\/div>\n\t\t\t\t<div class=\"elementor-element elementor-element-f3b39dc elementor-widget elementor-widget-heading\" data-id=\"f3b39dc\" data-element_type=\"widget\" data-widget_type=\"heading.default\">\n\t\t\t\t<div class=\"elementor-widget-container\">\n\t\t\t\t\t<h2 class=\"elementor-heading-title elementor-size-default\">Associate Dean for Education<\/h2>\t\t\t\t<\/div>\n\t\t\t\t<\/div>\n\t\t\t\t<\/div>\n\t\t\t\t<\/div>\n\t\t<div class=\"elementor-element elementor-element-2ce1e55 e-con-full e-flex e-con e-child\" data-id=\"2ce1e55\" data-element_type=\"container\" data-settings=\"{&quot;background_background&quot;:&quot;classic&quot;}\">\n\t\t\t\t<\/div>\n\t\t\t\t<\/div>\n\t\t<div class=\"elementor-element elementor-element-df1b278 e-flex e-con-boxed e-con e-parent\" data-id=\"df1b278\" data-element_type=\"container\" data-settings=\"{&quot;background_background&quot;:&quot;classic&quot;}\">\n\t\t\t\t\t<div class=\"e-con-inner\">\n\t\t\t\t<div class=\"elementor-element elementor-element-0b2009f elementor-widget elementor-widget-heading\" data-id=\"0b2009f\" data-element_type=\"widget\" data-widget_type=\"heading.default\">\n\t\t\t\t<div class=\"elementor-widget-container\">\n\t\t\t\t\t<h1 class=\"elementor-heading-title elementor-size-default\">Geomatics<\/h1>\t\t\t\t<\/div>\n\t\t\t\t<\/div>\n\t\t\t\t<div class=\"elementor-element elementor-element-f4c61d5 elementor-widget-divider--view-line elementor-widget elementor-widget-divider\" data-id=\"f4c61d5\" data-element_type=\"widget\" data-widget_type=\"divider.default\">\n\t\t\t\t<div class=\"elementor-widget-container\">\n\t\t\t\t\t\t\t<div class=\"elementor-divider\">\n\t\t\t<span class=\"elementor-divider-separator\">\n\t\t\t\t\t\t<\/span>\n\t\t<\/div>\n\t\t\t\t\t\t<\/div>\n\t\t\t\t<\/div>\n\t\t<div class=\"elementor-element elementor-element-da7b3eb e-con-full e-flex e-con e-child\" data-id=\"da7b3eb\" data-element_type=\"container\">\n\t\t\t\t<div class=\"elementor-element elementor-element-ef0dd92 elementor-widget__width-initial elementor-widget elementor-widget-text-editor\" data-id=\"ef0dd92\" data-element_type=\"widget\" data-widget_type=\"text-editor.default\">\n\t\t\t\t<div class=\"elementor-widget-container\">\n\t\t\t\t\t\t\t\t\tA multidisciplinary field concerned with the <strong>collection<\/strong>, <strong>analysis<\/strong>, <strong>processing<\/strong> and <strong>interpretation of geographic data<\/strong> and <strong>information<\/strong>Its main objective is to understand the spatial organization and relationships between geographical objects and phenomena in space. It combines elements of <strong>Geography<\/strong>, <strong>Geodesy<\/strong>, <strong>Cartography<\/strong> and <strong>Informatics<\/strong> for the purpose of planning, decision making and management in various fields of human activity.\t\t\t\t\t\t\t\t<\/div>\n\t\t\t\t<\/div>\n\t\t\t\t<div class=\"elementor-element elementor-element-f6e2e39 elementor-widget__width-initial elementor-widget elementor-widget-text-editor\" data-id=\"f6e2e39\" data-element_type=\"widget\" data-widget_type=\"text-editor.default\">\n\t\t\t\t<div class=\"elementor-widget-container\">\n\t\t\t\t\t\t\t\t\tGeomatics has a wide range of applications in various sectors, including <strong>urban planning<\/strong> (urban development planning) <strong>transport<\/strong> (infrastructure management), <strong>environmental planning<\/strong> (natural disaster monitoring), <strong>agriculture<\/strong> (land use optimization), <strong>forestry<\/strong> (ecosystem management, optimization of forestry operations), <strong>archaeology<\/strong> (3D documentation of sites), <strong>land registry<\/strong> (data acquisition and management) and many others. It makes use of modern technologies such as <strong>Global Navigation Satellite Systems<\/strong> (GNSS\/GPS), <strong>Remote Sensing<\/strong> (remote sensing), <strong>Geographic Information Systems<\/strong> (GIS), <strong>Photogrammetry<\/strong>, <strong>laser scanning<\/strong>, <strong>3D visualization<\/strong> or presentation through <strong>web mapping applications<\/strong>.\t\t\t\t\t\t\t\t<\/div>\n\t\t\t\t<\/div>\n\t\t\t\t<div class=\"elementor-element elementor-element-27329e5 elementor-widget__width-initial elementor-widget elementor-widget-text-editor\" data-id=\"27329e5\" data-element_type=\"widget\" data-widget_type=\"text-editor.default\">\n\t\t\t\t<div class=\"elementor-widget-container\">\n\t\t\t\t\t\t\t\t\tIn practice, it is used for <strong>mapping<\/strong>, <strong>monitoring<\/strong> and <strong>territory management<\/strong>, <strong>digital map creation<\/strong>, <strong>analysis and modelling of geographical phenomena<\/strong>, <strong>navigation<\/strong>, <strong>route planning<\/strong> and many other tasks, all in 2D and 3D space. The field is currently benefiting from the increasing availability of geographic data collection, which is essential for solving complex tasks. Geomatics thus plays a key role in today's digital world, providing us with vital information to better understand and manage the environment we live in.\t\t\t\t\t\t\t\t<\/div>\n\t\t\t\t<\/div>\n\t\t\t\t<\/div>\n\t\t\t\t<div class=\"elementor-element elementor-element-792114a elementor-widget elementor-widget-spacer\" data-id=\"792114a\" data-element_type=\"widget\" data-widget_type=\"spacer.default\">\n\t\t\t\t<div class=\"elementor-widget-container\">\n\t\t\t\t\t\t\t<div class=\"elementor-spacer\">\n\t\t\t<div class=\"elementor-spacer-inner\"><\/div>\n\t\t<\/div>\n\t\t\t\t\t\t<\/div>\n\t\t\t\t<\/div>\n\t\t\t\t\t<\/div>\n\t\t\t\t<\/div>\n\t\t\t\t<\/div>","protected":false},"excerpt":{"rendered":"<p>Na\u0161e katedra Jsme t\u00fdm z Fakulty stavebn\u00ed \u010cVUT v Praze. Z velk\u00e9 \u010d\u00e1sti zaji\u0161\u0165ujeme v\u00fduku studijn\u00edho programu Geod\u00e9zie a kartografie\u00a0a navazuj\u00edc\u00edch magistersk\u00fdch specializac\u00ed In\u017een\u00fdrsk\u00e1 geod\u00e9zie\u00a0a Geomatika. Na\u0161ich kapacit v\u0161ak vyu\u017e\u00edvaj\u00ed i dal\u0161\u00ed obory jako je nap\u0159\u00edklad Architektura a stavitelstv\u00ed \u010di dal\u0161\u00ed fakulty \u010cVUT v Praze, nap\u0159. Fakulta dopravn\u00ed. Nab\u00edz\u00edme tak\u00e9 doktorsk\u00fd\u00a0studijn\u00ed program Geod\u00e9zie a kartografie\u00a0(\u010desky [&hellip;]<\/p>","protected":false},"author":2,"featured_media":0,"parent":0,"menu_order":10,"comment_status":"closed","ping_status":"closed","template":"elementor_header_footer","meta":{"_acf_changed":false,"om_disable_all_campaigns":false,"_monsterinsights_skip_tracking":false,"_monsterinsights_sitenote_active":false,"_monsterinsights_sitenote_note":"","_monsterinsights_sitenote_category":0,"footnotes":""},"class_list":["post-2021","page","type-page","status-publish","hentry"],"acf":[],"_links":{"self":[{"href":"https:\/\/geomatics.fsv.cvut.cz\/en\/wp-json\/wp\/v2\/pages\/2021","targetHints":{"allow":["GET"]}}],"collection":[{"href":"https:\/\/geomatics.fsv.cvut.cz\/en\/wp-json\/wp\/v2\/pages"}],"about":[{"href":"https:\/\/geomatics.fsv.cvut.cz\/en\/wp-json\/wp\/v2\/types\/page"}],"author":[{"embeddable":true,"href":"https:\/\/geomatics.fsv.cvut.cz\/en\/wp-json\/wp\/v2\/users\/2"}],"replies":[{"embeddable":true,"href":"https:\/\/geomatics.fsv.cvut.cz\/en\/wp-json\/wp\/v2\/comments?post=2021"}],"version-history":[{"count":389,"href":"https:\/\/geomatics.fsv.cvut.cz\/en\/wp-json\/wp\/v2\/pages\/2021\/revisions"}],"predecessor-version":[{"id":7359,"href":"https:\/\/geomatics.fsv.cvut.cz\/en\/wp-json\/wp\/v2\/pages\/2021\/revisions\/7359"}],"wp:attachment":[{"href":"https:\/\/geomatics.fsv.cvut.cz\/en\/wp-json\/wp\/v2\/media?parent=2021"}],"curies":[{"name":"wp","href":"https:\/\/api.w.org\/{rel}","templated":true}]}}