{"id":3108,"date":"2022-11-11T18:12:03","date_gmt":"2022-11-11T17:12:03","guid":{"rendered":"https:\/\/geomatics.fsv.cvut.cz\/?page_id=3108"},"modified":"2023-10-13T17:06:19","modified_gmt":"2023-10-13T15:06:19","slug":"study_abroad","status":"publish","type":"page","link":"https:\/\/geomatics.fsv.cvut.cz\/en\/study_abroad\/","title":{"rendered":"Study Abroad"},"content":{"rendered":"<div data-elementor-type=\"wp-page\" data-elementor-id=\"3108\" class=\"elementor elementor-3108\" data-elementor-post-type=\"page\">\n\t\t\t\t<div class=\"elementor-element elementor-element-6d6841f8 e-flex e-con-boxed e-con e-parent\" data-id=\"6d6841f8\" data-element_type=\"container\" data-settings=\"{&quot;background_background&quot;:&quot;classic&quot;}\">\n\t\t\t\t\t<div class=\"e-con-inner\">\n\t\t<div class=\"elementor-element elementor-element-1b6f53cc e-con-full e-flex e-con e-child\" data-id=\"1b6f53cc\" data-element_type=\"container\">\n\t\t\t\t<div class=\"elementor-element elementor-element-6920e1a5 elementor-widget elementor-widget-heading\" data-id=\"6920e1a5\" data-element_type=\"widget\" data-widget_type=\"heading.default\">\n\t\t\t\t<div class=\"elementor-widget-container\">\n\t\t\t\t\t<h1 class=\"elementor-heading-title elementor-size-default\">Study Abroad<\/h1>\t\t\t\t<\/div>\n\t\t\t\t<\/div>\n\t\t\t\t<div class=\"elementor-element elementor-element-37bef32c elementor-widget-divider--view-line elementor-widget elementor-widget-divider\" data-id=\"37bef32c\" data-element_type=\"widget\" data-widget_type=\"divider.default\">\n\t\t\t\t<div class=\"elementor-widget-container\">\n\t\t\t\t\t\t\t<div class=\"elementor-divider\">\n\t\t\t<span class=\"elementor-divider-separator\">\n\t\t\t\t\t\t<\/span>\n\t\t<\/div>\n\t\t\t\t\t\t<\/div>\n\t\t\t\t<\/div>\n\t\t\t\t<\/div>\n\t\t\t\t\t<\/div>\n\t\t\t\t<\/div>\n\t\t<div class=\"elementor-element elementor-element-74e1b6a e-flex e-con-boxed e-con e-parent\" data-id=\"74e1b6a\" data-element_type=\"container\" data-settings=\"{&quot;background_background&quot;:&quot;classic&quot;}\">\n\t\t\t\t\t<div class=\"e-con-inner\">\n\t\t<div class=\"elementor-element elementor-element-cd93335 e-con-full e-flex e-con e-child\" data-id=\"cd93335\" data-element_type=\"container\" data-settings=\"{&quot;background_background&quot;:&quot;classic&quot;}\">\n\t\t\t\t<div class=\"elementor-element elementor-element-c2e6ff7 elementor-widget elementor-widget-heading\" data-id=\"c2e6ff7\" data-element_type=\"widget\" data-widget_type=\"heading.default\">\n\t\t\t\t<div class=\"elementor-widget-container\">\n\t\t\t\t\t<h2 class=\"elementor-heading-title elementor-size-default\">How to proceed<\/h2>\t\t\t\t<\/div>\n\t\t\t\t<\/div>\n\t\t\t\t<div class=\"elementor-element elementor-element-8f0c450 elementor-widget-divider--view-line elementor-widget elementor-widget-divider\" data-id=\"8f0c450\" data-element_type=\"widget\" data-widget_type=\"divider.default\">\n\t\t\t\t<div class=\"elementor-widget-container\">\n\t\t\t\t\t\t\t<div class=\"elementor-divider\">\n\t\t\t<span class=\"elementor-divider-separator\">\n\t\t\t\t\t\t<\/span>\n\t\t<\/div>\n\t\t\t\t\t\t<\/div>\n\t\t\t\t<\/div>\n\t\t\t\t<div class=\"elementor-element elementor-element-e5929f5 elementor-widget elementor-widget-text-editor\" data-id=\"e5929f5\" data-element_type=\"widget\" data-widget_type=\"text-editor.default\">\n\t\t\t\t<div class=\"elementor-widget-container\">\n\t\t\t\t\t\t\t\t\t<p><span style=\"text-align: start;\">An exchange program is an unforgettable and great experience. For geomatics students, there is definitely a lot to choose from.<\/span><\/p>\t\t\t\t\t\t\t\t<\/div>\n\t\t\t\t<\/div>\n\t\t\t\t<div class=\"elementor-element elementor-element-06db98a elementor-widget elementor-widget-heading\" data-id=\"06db98a\" data-element_type=\"widget\" data-widget_type=\"heading.default\">\n\t\t\t\t<div class=\"elementor-widget-container\">\n\t\t\t\t\t<h2 class=\"elementor-heading-title elementor-size-default\">You have to start by yourself,<\/h2>\t\t\t\t<\/div>\n\t\t\t\t<\/div>\n\t\t\t\t<div class=\"elementor-element elementor-element-e4c942b elementor-widget elementor-widget-heading\" data-id=\"e4c942b\" data-element_type=\"widget\" data-widget_type=\"heading.default\">\n\t\t\t\t<div class=\"elementor-widget-container\">\n\t\t\t\t\t<h2 class=\"elementor-heading-title elementor-size-default\">but perhaps you can start here<\/h2>\t\t\t\t<\/div>\n\t\t\t\t<\/div>\n\t\t\t\t<div class=\"elementor-element elementor-element-8580f67 elementor-view-default elementor-widget elementor-widget-icon\" data-id=\"8580f67\" data-element_type=\"widget\" data-widget_type=\"icon.default\">\n\t\t\t\t<div class=\"elementor-widget-container\">\n\t\t\t\t\t\t\t<div class=\"elementor-icon-wrapper\">\n\t\t\t<div class=\"elementor-icon\">\n\t\t\t<i aria-hidden=\"true\" class=\"fas fa-arrow-down\"><\/i>\t\t\t<\/div>\n\t\t<\/div>\n\t\t\t\t\t\t<\/div>\n\t\t\t\t<\/div>\n\t\t\t\t<div class=\"elementor-element elementor-element-1e4a5f8 elementor-align-center elementor-widget elementor-widget-button\" data-id=\"1e4a5f8\" data-element_type=\"widget\" data-widget_type=\"button.default\">\n\t\t\t\t<div class=\"elementor-widget-container\">\n\t\t\t\t\t\t\t\t\t<div class=\"elementor-button-wrapper\">\n\t\t\t\t\t<a class=\"elementor-button elementor-button-link elementor-size-xl elementor-animation-grow\" href=\"https:\/\/www.fsv.cvut.cz\/uchazeci\/jak-se-u-nas-studuje\/vyjezdy-do-zahranici\/\" target=\"_blank\">\n\t\t\t\t\t\t<span class=\"elementor-button-content-wrapper\">\n\t\t\t\t\t\t<span class=\"elementor-button-icon\">\n\t\t\t\t<i aria-hidden=\"true\" class=\"fas fa-external-link-alt\"><\/i>\t\t\t<\/span>\n\t\t\t\t\t\t\t\t\t<span class=\"elementor-button-text\">EXCHANGE PROGRAMS <br> <span class=\"bottom-small-text\">fsv.cvut.cz<\/span><\/span>\n\t\t\t\t\t<\/span>\n\t\t\t\t\t<\/a>\n\t\t\t\t<\/div>\n\t\t\t\t\t\t\t\t<\/div>\n\t\t\t\t<\/div>\n\t\t\t\t<div class=\"elementor-element elementor-element-c0f6c1d elementor-widget elementor-widget-heading\" data-id=\"c0f6c1d\" data-element_type=\"widget\" data-widget_type=\"heading.default\">\n\t\t\t\t<div class=\"elementor-widget-container\">\n\t\t\t\t\t<h2 class=\"elementor-heading-title elementor-size-default\">...go for it!<\/h2>\t\t\t\t<\/div>\n\t\t\t\t<\/div>\n\t\t\t\t<\/div>\n\t\t<div class=\"elementor-element elementor-element-5e16bfea clickable e-flex e-con-boxed e-con e-child\" data-id=\"5e16bfea\" data-element_type=\"container\" data-settings=\"{&quot;background_background&quot;:&quot;classic&quot;}\">\n\t\t\t\t\t<div class=\"e-con-inner\">\n\t\t\t\t<div class=\"elementor-element elementor-element-69385c66 elementor-widget elementor-widget-heading\" data-id=\"69385c66\" data-element_type=\"widget\" data-widget_type=\"heading.default\">\n\t\t\t\t<div class=\"elementor-widget-container\">\n\t\t\t\t\t<h2 class=\"elementor-heading-title elementor-size-default\">Where to find help at our department<\/h2>\t\t\t\t<\/div>\n\t\t\t\t<\/div>\n\t\t\t\t<div class=\"elementor-element elementor-element-580ed597 elementor-widget-divider--view-line elementor-widget elementor-widget-divider\" data-id=\"580ed597\" data-element_type=\"widget\" data-widget_type=\"divider.default\">\n\t\t\t\t<div class=\"elementor-widget-container\">\n\t\t\t\t\t\t\t<div class=\"elementor-divider\">\n\t\t\t<span class=\"elementor-divider-separator\">\n\t\t\t\t\t\t<\/span>\n\t\t<\/div>\n\t\t\t\t\t\t<\/div>\n\t\t\t\t<\/div>\n\t\t\t\t<div class=\"elementor-element elementor-element-7ff9fbbd elementor-widget elementor-widget-text-editor\" data-id=\"7ff9fbbd\" data-element_type=\"widget\" data-widget_type=\"text-editor.default\">\n\t\t\t\t<div class=\"elementor-widget-container\">\n\t\t\t\t\t\t\t\t\t<p>Don't know how to get started?<br>What about course recognition?<br>How to solve field teaching?<br>Do you want to talk to someone who has studied abroad?<\/p>\t\t\t\t\t\t\t\t<\/div>\n\t\t\t\t<\/div>\n\t\t\t\t<div class=\"elementor-element elementor-element-1b5674f elementor-widget elementor-widget-heading\" data-id=\"1b5674f\" data-element_type=\"widget\" data-widget_type=\"heading.default\">\n\t\t\t\t<div class=\"elementor-widget-container\">\n\t\t\t\t\t<h2 class=\"elementor-heading-title elementor-size-default\">Write to the vice dean <br>for geodesy and cartography<\/h2>\t\t\t\t<\/div>\n\t\t\t\t<\/div>\n\t\t\t\t<div class=\"elementor-element elementor-element-5c54b21 elementor-align-center elementor-widget elementor-widget-button\" data-id=\"5c54b21\" data-element_type=\"widget\" data-widget_type=\"button.default\">\n\t\t\t\t<div class=\"elementor-widget-container\">\n\t\t\t\t\t\t\t\t\t<div class=\"elementor-button-wrapper\">\n\t\t\t\t\t<a class=\"elementor-button elementor-button-link elementor-size-xl elementor-animation-grow\" href=\"https:\/\/usermap.cvut.cz\/profile\/10dfe67f-ce55-49e9-876e-794fb8d63ab4\">\n\t\t\t\t\t\t<span class=\"elementor-button-content-wrapper\">\n\t\t\t\t\t\t<span class=\"elementor-button-icon\">\n\t\t\t\t<i aria-hidden=\"true\" class=\"far fa-envelope\"><\/i>\t\t\t<\/span>\n\t\t\t\t\t\t\t\t\t<span class=\"elementor-button-text\">Ji\u0159\u00ed Cajthaml<\/span>\n\t\t\t\t\t<\/span>\n\t\t\t\t\t<\/a>\n\t\t\t\t<\/div>\n\t\t\t\t\t\t\t\t<\/div>\n\t\t\t\t<\/div>\n\t\t\t\t\t<\/div>\n\t\t\t\t<\/div>\n\t\t\t\t\t<\/div>\n\t\t\t\t<\/div>\n\t\t<div class=\"elementor-element elementor-element-7c8a7ba e-flex e-con-boxed e-con e-parent\" data-id=\"7c8a7ba\" data-element_type=\"container\">\n\t\t\t\t\t<div class=\"e-con-inner\">\n\t\t\t\t<div class=\"elementor-element elementor-element-cfe9f19 elementor-widget elementor-widget-heading\" data-id=\"cfe9f19\" data-element_type=\"widget\" data-widget_type=\"heading.default\">\n\t\t\t\t<div class=\"elementor-widget-container\">\n\t\t\t\t\t<h2 class=\"elementor-heading-title elementor-size-default\">Student trips to foreign universities<\/h2>\t\t\t\t<\/div>\n\t\t\t\t<\/div>\n\t\t\t\t<div class=\"elementor-element elementor-element-c10db2e elementor-widget elementor-widget-shortcode\" data-id=\"c10db2e\" data-element_type=\"widget\" data-widget_type=\"shortcode.default\">\n\t\t\t\t<div class=\"elementor-widget-container\">\n\t\t\t\t\t\t\t<div class=\"elementor-shortcode\"><style>.embed-container {position: relative; padding-bottom: 80%; height: 0; max-width: 100%;} .embed-container iframe, .embed-container object, .embed-container iframe{position: absolute; top: 0; left: 0; width: 100%; height: 100%;} small{position: absolute; z-index: 40; bottom: 0; margin-bottom: -15px;}<\/style><div class=\"embed-container\"><small><a href=\"\/\/ctuprague.maps.arcgis.com\/apps\/Embed\/index.html?webmap=e489e12042a446ce80051eb6ae48dabc&extent=-111.4239,-41.738,148.205,70.5691&home=true&zoom=true&scale=true&search=true&searchextent=true&legend=true&basemap_gallery=true&disable_scroll=true&theme=dark\" style=\"color:#0000FF;text-align:left\" target=\"_blank\">Show larger map<\/a><\/small><br><iframe width=\"400\" height=\"200\" frameborder=\"0\" scrolling=\"no\" marginheight=\"0\" marginwidth=\"0\" title=\"Studijn\u00ed v\u00fdjezdy do zahrani\u010d\u00ed\" src=\"\/\/ctuprague.maps.arcgis.com\/apps\/Embed\/index.html?webmap=e489e12042a446ce80051eb6ae48dabc&extent=-111.4239,-41.738,148.205,70.5691&home=true&zoom=true&previewImage=false&scale=true&search=true&searchextent=true&legend=true&basemap_gallery=true&disable_scroll=false&theme=light\"><\/iframe><\/div><\/div>\n\t\t\t\t\t\t<\/div>\n\t\t\t\t<\/div>\n\t\t\t\t\t<\/div>\n\t\t\t\t<\/div>\n\t\t\t\t<\/div>","protected":false},"excerpt":{"rendered":"<p>Studium v zahrani\u010d\u00ed Jak postupovat Zahrani\u010dn\u00ed v\u00fdjezd je nezapom\u011bnuteln\u00fd z\u00e1\u017eitek i skv\u011bl\u00e1 zku\u0161enost. Pro studenty geomatiky je rozhodn\u011b z \u010deho vyb\u00edrat. Cht\u00edt mus\u00ed\u0161 s\u00e1m, ale za\u010d\u00edt m\u016f\u017ee\u0161 t\u0159eba tady V\u00ddJEZDY DO ZAHRANI\u010c\u00cd fsv.cvut.cz &#8230;jdi do toho! Kde naj\u00edt pomoc u n\u00e1s na kated\u0159e Nev\u00ed\u0161, jak za\u010d\u00edt?Jak je to s uzn\u00e1n\u00edm p\u0159edm\u011bt\u016f?Jak vy\u0159e\u0161it v\u00fduky v ter\u00e9nu?Popov\u00eddat [&hellip;]<\/p>","protected":false},"author":2,"featured_media":0,"parent":0,"menu_order":60,"comment_status":"closed","ping_status":"closed","template":"elementor_header_footer","meta":{"_acf_changed":false,"om_disable_all_campaigns":false,"_monsterinsights_skip_tracking":false,"_monsterinsights_sitenote_active":false,"_monsterinsights_sitenote_note":"","_monsterinsights_sitenote_category":0,"footnotes":""},"class_list":["post-3108","page","type-page","status-publish","hentry"],"acf":[],"_links":{"self":[{"href":"https:\/\/geomatics.fsv.cvut.cz\/en\/wp-json\/wp\/v2\/pages\/3108","targetHints":{"allow":["GET"]}}],"collection":[{"href":"https:\/\/geomatics.fsv.cvut.cz\/en\/wp-json\/wp\/v2\/pages"}],"about":[{"href":"https:\/\/geomatics.fsv.cvut.cz\/en\/wp-json\/wp\/v2\/types\/page"}],"author":[{"embeddable":true,"href":"https:\/\/geomatics.fsv.cvut.cz\/en\/wp-json\/wp\/v2\/users\/2"}],"replies":[{"embeddable":true,"href":"https:\/\/geomatics.fsv.cvut.cz\/en\/wp-json\/wp\/v2\/comments?post=3108"}],"version-history":[{"count":99,"href":"https:\/\/geomatics.fsv.cvut.cz\/en\/wp-json\/wp\/v2\/pages\/3108\/revisions"}],"predecessor-version":[{"id":7935,"href":"https:\/\/geomatics.fsv.cvut.cz\/en\/wp-json\/wp\/v2\/pages\/3108\/revisions\/7935"}],"wp:attachment":[{"href":"https:\/\/geomatics.fsv.cvut.cz\/en\/wp-json\/wp\/v2\/media?parent=3108"}],"curies":[{"name":"wp","href":"https:\/\/api.w.org\/{rel}","templated":true}]}}