{"id":3846,"date":"2022-11-14T21:29:07","date_gmt":"2022-11-14T20:29:07","guid":{"rendered":"https:\/\/geomatics.fsv.cvut.cz\/?page_id=3846"},"modified":"2024-11-11T21:24:11","modified_gmt":"2024-11-11T20:24:11","slug":"contact","status":"publish","type":"page","link":"https:\/\/geomatics.fsv.cvut.cz\/en\/contact\/","title":{"rendered":"Contact"},"content":{"rendered":"<div data-elementor-type=\"wp-page\" data-elementor-id=\"3846\" class=\"elementor elementor-3846\" data-elementor-post-type=\"page\">\n\t\t\t\t<div class=\"elementor-element elementor-element-4d99c34 e-flex e-con-boxed e-con e-parent\" data-id=\"4d99c34\" data-element_type=\"container\" data-settings=\"{&quot;background_background&quot;:&quot;classic&quot;}\">\n\t\t\t\t\t<div class=\"e-con-inner\">\n\t\t<div class=\"elementor-element elementor-element-2f83b82 e-con-full e-flex e-con e-child\" data-id=\"2f83b82\" data-element_type=\"container\">\n\t\t\t\t<div class=\"elementor-element elementor-element-7ea8fd6 elementor-widget elementor-widget-heading\" data-id=\"7ea8fd6\" data-element_type=\"widget\" data-widget_type=\"heading.default\">\n\t\t\t\t<div class=\"elementor-widget-container\">\n\t\t\t\t\t<h1 class=\"elementor-heading-title elementor-size-default\">Contact<\/h1>\t\t\t\t<\/div>\n\t\t\t\t<\/div>\n\t\t\t\t<div class=\"elementor-element elementor-element-403abe1 elementor-widget-divider--view-line elementor-widget elementor-widget-divider\" data-id=\"403abe1\" data-element_type=\"widget\" data-widget_type=\"divider.default\">\n\t\t\t\t<div class=\"elementor-widget-container\">\n\t\t\t\t\t\t\t<div class=\"elementor-divider\">\n\t\t\t<span class=\"elementor-divider-separator\">\n\t\t\t\t\t\t<\/span>\n\t\t<\/div>\n\t\t\t\t\t\t<\/div>\n\t\t\t\t<\/div>\n\t\t\t\t<\/div>\n\t\t\t\t\t<\/div>\n\t\t\t\t<\/div>\n\t\t<div class=\"elementor-element elementor-element-16462bc e-flex e-con-boxed e-con e-parent\" data-id=\"16462bc\" data-element_type=\"container\" data-settings=\"{&quot;background_background&quot;:&quot;classic&quot;}\">\n\t\t\t\t\t<div class=\"e-con-inner\">\n\t\t\t\t<div class=\"elementor-element elementor-element-4162fae elementor-widget__width-inherit elementor-widget elementor-widget-shortcode\" data-id=\"4162fae\" data-element_type=\"widget\" data-widget_type=\"shortcode.default\">\n\t\t\t\t<div class=\"elementor-widget-container\">\n\t\t\t\t\t\t\t<div class=\"elementor-shortcode\"><div class=\"leaflet-map WPLeafletMap\" style=\"height:500px; width:100%;\"><\/div><script>\nwindow.WPLeafletMapPlugin = window.WPLeafletMapPlugin || [];\nwindow.WPLeafletMapPlugin.push(function WPLeafletMapShortcode() {\/*<script>*\/\nvar baseUrl = atob('aHR0cHM6Ly9hcGkubWFwYm94LmNvbS9zdHlsZXMvdjEvaG9maWMvY2xiNTRhOWh3MDAxZDE0czNyNmd5ZGFweC90aWxlcy8yNTYve3p9L3t4fS97eX1AMng\/YWNjZXNzX3Rva2VuPXBrLmV5SjFJam9pYUc5bWFXTWlMQ0poSWpvaVkyd3hZakZpWm05b01EUmtaRE5rZEdaMU1uUnhjVzVrY2lKOS5BQ2o5Mjh2eVBXTXNrQVk0WHVRQzBR');\nvar base = (!baseUrl && window.MQ) ?\n    window.MQ.mapLayer() : L.tileLayer(baseUrl,\n        L.Util.extend({}, {\n            detectRetina: 0,\n        },\n        {\"subdomains\":\"abc\",\"noWrap\":false,\"maxZoom\":20}        )\n    );\n    var options = L.Util.extend({}, {\n        layers: [base],\n        attributionControl: false\n    },\n    {\"zoomControl\":true,\"scrollWheelZoom\":true,\"doubleClickZoom\":false,\"fitBounds\":false,\"minZoom\":0,\"maxZoom\":20,\"maxBounds\":null,\"attribution\":\"<a href=\\\"http:\\\/\\\/leafletjs.com\\\" title=\\\"A JS library for interactive maps\\\">Leaflet<\\\/a>; \\u00a9 <a href=\\\"http:\\\/\\\/www.openstreetmap.org\\\/copyright\\\">OpenStreetMap<\\\/a> contributors\"},\n    {});\nwindow.WPLeafletMapPlugin.createMap(options).setView([50.103266419833,14.3904661845],16);});<\/script>\n\n<script>\nwindow.WPLeafletMapPlugin = window.WPLeafletMapPlugin || [];\nwindow.WPLeafletMapPlugin.push(function WPLeafletScaleShortcode() {window.WPLeafletMapPlugin.createScale({\"position\":\"bottomleft\"});});<\/script>\n\n<script>\nwindow.WPLeafletMapPlugin = window.WPLeafletMapPlugin || [];\nwindow.WPLeafletMapPlugin.push(function WPLeafletMarkerShortcode() {\/*<script>*\/\nvar map = window.WPLeafletMapPlugin.getCurrentMap();\nvar group = window.WPLeafletMapPlugin.getCurrentGroup();\nvar marker_options = window.WPLeafletMapPlugin.getIconOptions({\"svg\":true,\"background\":\"#32213A\",\"iconClass\":\"dashicons dashicons-marker\",\"color\":\"#FB3640\"});\nvar marker = new L.SVGMarker(\n    [50.104342160183,14.388489229394],\n    marker_options\n);\nvar is_image = map.is_image_map;\nif (marker_options.draggable) {\n    marker.on('dragend', function () {\n        var latlng = this.getLatLng();\n        var lat = latlng.lat;\n        var lng = latlng.lng;\n        if (is_image) {\n            console.log('leaflet-marker y=' + lat + ' x=' + lng);\n        } else {\n            console.log('leaflet-marker lat=' + lat + ' lng=' + lng);\n        }\n    });\n}\nmarker.addTo( group );\nmarker.bindPopup(window.WPLeafletMapPlugin.unescape(' Fakulta stavebn\u00ed \u010cVUT ')).openPopup();window.WPLeafletMapPlugin.markers.push( marker );\n        });<\/script><\/div>\n\t\t\t\t\t\t<\/div>\n\t\t\t\t<\/div>\n\t\t\t\t\t<\/div>\n\t\t\t\t<\/div>\n\t\t<div class=\"elementor-element elementor-element-bb1a9d3 e-con-full e-flex e-con e-parent\" data-id=\"bb1a9d3\" data-element_type=\"container\">\n\t\t<div class=\"elementor-element elementor-element-15b18d4 e-con-full e-flex e-con e-child\" data-id=\"15b18d4\" data-element_type=\"container\">\n\t\t\t\t<div class=\"elementor-element elementor-element-2f07860 elementor-widget elementor-widget-heading\" data-id=\"2f07860\" data-element_type=\"widget\" data-widget_type=\"heading.default\">\n\t\t\t\t<div class=\"elementor-widget-container\">\n\t\t\t\t\t<h2 class=\"elementor-heading-title elementor-size-default\">Address<\/h2>\t\t\t\t<\/div>\n\t\t\t\t<\/div>\n\t\t\t\t<div class=\"elementor-element elementor-element-3a41100 elementor-widget-divider--view-line elementor-widget elementor-widget-divider\" data-id=\"3a41100\" data-element_type=\"widget\" data-widget_type=\"divider.default\">\n\t\t\t\t<div class=\"elementor-widget-container\">\n\t\t\t\t\t\t\t<div class=\"elementor-divider\">\n\t\t\t<span class=\"elementor-divider-separator\">\n\t\t\t\t\t\t<\/span>\n\t\t<\/div>\n\t\t\t\t\t\t<\/div>\n\t\t\t\t<\/div>\n\t\t\t\t<div class=\"elementor-element elementor-element-81444d2 elementor-widget elementor-widget-heading\" data-id=\"81444d2\" data-element_type=\"widget\" data-widget_type=\"heading.default\">\n\t\t\t\t<div class=\"elementor-widget-container\">\n\t\t\t\t\t<div class=\"elementor-heading-title elementor-size-default\">Czech Technical University in Prague<br>\nFaculty of Civil Engineering<\/div>\t\t\t\t<\/div>\n\t\t\t\t<\/div>\n\t\t\t\t<div class=\"elementor-element elementor-element-81273c7 elementor-widget elementor-widget-heading\" data-id=\"81273c7\" data-element_type=\"widget\" data-widget_type=\"heading.default\">\n\t\t\t\t<div class=\"elementor-widget-container\">\n\t\t\t\t\t<div class=\"elementor-heading-title elementor-size-default\">Th\u00e1kurova 7\/2077<br>\n166 29 Praha 6 \u2013 Dejvice<\/div>\t\t\t\t<\/div>\n\t\t\t\t<\/div>\n\t\t\t\t<div class=\"elementor-element elementor-element-687628d elementor-widget elementor-widget-heading\" data-id=\"687628d\" data-element_type=\"widget\" data-widget_type=\"heading.default\">\n\t\t\t\t<div class=\"elementor-widget-container\">\n\t\t\t\t\t<div class=\"elementor-heading-title elementor-size-default\">Building B \u2013 8th floor<\/div>\t\t\t\t<\/div>\n\t\t\t\t<\/div>\n\t\t\t\t<\/div>\n\t\t<div class=\"elementor-element elementor-element-16ad06f e-con-full e-flex e-con e-child\" data-id=\"16ad06f\" data-element_type=\"container\">\n\t\t\t\t<div class=\"elementor-element elementor-element-5402c88 elementor-widget elementor-widget-heading\" data-id=\"5402c88\" data-element_type=\"widget\" data-widget_type=\"heading.default\">\n\t\t\t\t<div class=\"elementor-widget-container\">\n\t\t\t\t\t<h2 class=\"elementor-heading-title elementor-size-default\">Info<\/h2>\t\t\t\t<\/div>\n\t\t\t\t<\/div>\n\t\t\t\t<div class=\"elementor-element elementor-element-8ca5679 elementor-widget-divider--view-line elementor-widget elementor-widget-divider\" data-id=\"8ca5679\" data-element_type=\"widget\" data-widget_type=\"divider.default\">\n\t\t\t\t<div class=\"elementor-widget-container\">\n\t\t\t\t\t\t\t<div class=\"elementor-divider\">\n\t\t\t<span class=\"elementor-divider-separator\">\n\t\t\t\t\t\t<\/span>\n\t\t<\/div>\n\t\t\t\t\t\t<\/div>\n\t\t\t\t<\/div>\n\t\t\t\t<div class=\"elementor-element elementor-element-0a5f3da elementor-widget elementor-widget-heading\" data-id=\"0a5f3da\" data-element_type=\"widget\" data-widget_type=\"heading.default\">\n\t\t\t\t<div class=\"elementor-widget-container\">\n\t\t\t\t\t<div class=\"elementor-heading-title elementor-size-default\">Contact our secretariat<\/div>\t\t\t\t<\/div>\n\t\t\t\t<\/div>\n\t\t\t\t<div class=\"elementor-element elementor-element-037f990 elementor-widget elementor-widget-heading\" data-id=\"037f990\" data-element_type=\"widget\" data-widget_type=\"heading.default\">\n\t\t\t\t<div class=\"elementor-widget-container\">\n\t\t\t\t\t<div class=\"elementor-heading-title elementor-size-default\"><a href=\"mailto:romana.pavelkova@fsv.cvut.cz\">romana.pavelkova@fsv.cvut.cz<\/a><\/div>\t\t\t\t<\/div>\n\t\t\t\t<\/div>\n\t\t\t\t<\/div>\n\t\t\t\t<\/div>\n\t\t\t\t<\/div>","protected":false},"excerpt":{"rendered":"<p>Kontakt Adresa \u010cesk\u00e9 vysok\u00e9 u\u010den\u00ed technick\u00e9 v Praze Fakulta stavebn\u00ed Th\u00e1kurova 7\/2077 166 29 Praha 6 \u2013 Dejvice budova B \u2013 8. patro Informace Kontaktujte n\u00e1\u0161 sekretari\u00e1t: romana.pavelkova@fsv.cvut.cz<\/p>","protected":false},"author":2,"featured_media":0,"parent":0,"menu_order":110,"comment_status":"closed","ping_status":"closed","template":"","meta":{"_acf_changed":false,"om_disable_all_campaigns":false,"_monsterinsights_skip_tracking":false,"_monsterinsights_sitenote_active":false,"_monsterinsights_sitenote_note":"","_monsterinsights_sitenote_category":0,"footnotes":""},"class_list":["post-3846","page","type-page","status-publish","hentry"],"acf":[],"_links":{"self":[{"href":"https:\/\/geomatics.fsv.cvut.cz\/en\/wp-json\/wp\/v2\/pages\/3846","targetHints":{"allow":["GET"]}}],"collection":[{"href":"https:\/\/geomatics.fsv.cvut.cz\/en\/wp-json\/wp\/v2\/pages"}],"about":[{"href":"https:\/\/geomatics.fsv.cvut.cz\/en\/wp-json\/wp\/v2\/types\/page"}],"author":[{"embeddable":true,"href":"https:\/\/geomatics.fsv.cvut.cz\/en\/wp-json\/wp\/v2\/users\/2"}],"replies":[{"embeddable":true,"href":"https:\/\/geomatics.fsv.cvut.cz\/en\/wp-json\/wp\/v2\/comments?post=3846"}],"version-history":[{"count":325,"href":"https:\/\/geomatics.fsv.cvut.cz\/en\/wp-json\/wp\/v2\/pages\/3846\/revisions"}],"predecessor-version":[{"id":8342,"href":"https:\/\/geomatics.fsv.cvut.cz\/en\/wp-json\/wp\/v2\/pages\/3846\/revisions\/8342"}],"wp:attachment":[{"href":"https:\/\/geomatics.fsv.cvut.cz\/en\/wp-json\/wp\/v2\/media?parent=3846"}],"curies":[{"name":"wp","href":"https:\/\/api.w.org\/{rel}","templated":true}]}}