{"id":5687,"date":"2023-01-17T21:10:54","date_gmt":"2023-01-17T20:10:54","guid":{"rendered":"https:\/\/geomatics.fsv.cvut.cz\/?page_id=5687"},"modified":"2023-05-15T18:00:32","modified_gmt":"2023-05-15T16:00:32","slug":"administrace","status":"publish","type":"page","link":"https:\/\/geomatics.fsv.cvut.cz\/en\/administrace\/","title":{"rendered":"Administrace"},"content":{"rendered":"<div data-elementor-type=\"wp-page\" data-elementor-id=\"5687\" class=\"elementor elementor-5687\" data-elementor-post-type=\"page\">\n\t\t\t\t<div class=\"elementor-element elementor-element-d7beda2 e-flex e-con-boxed e-con e-parent\" data-id=\"d7beda2\" data-element_type=\"container\" data-settings=\"{&quot;background_background&quot;:&quot;classic&quot;}\">\n\t\t\t\t\t<div class=\"e-con-inner\">\n\t\t\t\t<div class=\"elementor-element elementor-element-4861949 elementor-widget elementor-widget-heading\" data-id=\"4861949\" data-element_type=\"widget\" data-widget_type=\"heading.default\">\n\t\t\t\t<div class=\"elementor-widget-container\">\n\t\t\t\t\t<h1 class=\"elementor-heading-title elementor-size-default\">Administrace<\/h1>\t\t\t\t<\/div>\n\t\t\t\t<\/div>\n\t\t\t\t<div class=\"elementor-element elementor-element-d42ecf0 elementor-widget-divider--view-line elementor-widget elementor-widget-divider\" data-id=\"d42ecf0\" data-element_type=\"widget\" data-widget_type=\"divider.default\">\n\t\t\t\t<div class=\"elementor-widget-container\">\n\t\t\t\t\t\t\t<div class=\"elementor-divider\">\n\t\t\t<span class=\"elementor-divider-separator\">\n\t\t\t\t\t\t<\/span>\n\t\t<\/div>\n\t\t\t\t\t\t<\/div>\n\t\t\t\t<\/div>\n\t\t\t\t\t<\/div>\n\t\t\t\t<\/div>\n\t\t<div class=\"elementor-element elementor-element-3b3d7c2 e-flex e-con-boxed e-con e-parent\" data-id=\"3b3d7c2\" data-element_type=\"container\" data-settings=\"{&quot;background_background&quot;:&quot;classic&quot;}\">\n\t\t\t\t\t<div class=\"e-con-inner\">\n\t\t\t\t<div class=\"elementor-element elementor-element-b5b343e elementor-widget elementor-widget-text-editor\" data-id=\"b5b343e\" data-element_type=\"widget\" data-widget_type=\"text-editor.default\">\n\t\t\t\t<div class=\"elementor-widget-container\">\n\t\t\t\t\t\t\t\t\t<p>Tato str\u00e1nka je ur\u010dena pro editory webu<\/p>\t\t\t\t\t\t\t\t<\/div>\n\t\t\t\t<\/div>\n\t\t\t\t\t<\/div>\n\t\t\t\t<\/div>\n\t\t<div class=\"elementor-element elementor-element-5232cde e-flex e-con-boxed e-con e-parent\" data-id=\"5232cde\" data-element_type=\"container\" data-settings=\"{&quot;background_background&quot;:&quot;classic&quot;}\">\n\t\t\t\t\t<div class=\"e-con-inner\">\n\t\t<div class=\"elementor-element elementor-element-84f224a e-con-full e-flex e-con e-parent\" data-id=\"84f224a\" data-element_type=\"container\" data-settings=\"{&quot;background_background&quot;:&quot;classic&quot;}\">\n\t\t\t\t<div class=\"elementor-element elementor-element-2a29df1 elementor-widget elementor-widget-heading\" data-id=\"2a29df1\" data-element_type=\"widget\" data-widget_type=\"heading.default\">\n\t\t\t\t<div class=\"elementor-widget-container\">\n\t\t\t\t\t<h2 class=\"elementor-heading-title elementor-size-default\">Jak upravit projekt <br>(\u010di p\u0159idat nov\u00fd)<\/h2>\t\t\t\t<\/div>\n\t\t\t\t<\/div>\n\t\t\t\t<div class=\"elementor-element elementor-element-b631b76 elementor-widget-divider--view-line elementor-widget elementor-widget-divider\" data-id=\"b631b76\" data-element_type=\"widget\" data-widget_type=\"divider.default\">\n\t\t\t\t<div class=\"elementor-widget-container\">\n\t\t\t\t\t\t\t<div class=\"elementor-divider\">\n\t\t\t<span class=\"elementor-divider-separator\">\n\t\t\t\t\t\t<\/span>\n\t\t<\/div>\n\t\t\t\t\t\t<\/div>\n\t\t\t\t<\/div>\n\t\t\t\t<div class=\"elementor-element elementor-element-fad1b0c elementor-widget elementor-widget-text-editor\" data-id=\"fad1b0c\" data-element_type=\"widget\" data-widget_type=\"text-editor.default\">\n\t\t\t\t<div class=\"elementor-widget-container\">\n\t\t\t\t\t\t\t\t\t<p>N\u00ed\u017ee si st\u00e1hni soubor .DOCX<\/p>\t\t\t\t\t\t\t\t<\/div>\n\t\t\t\t<\/div>\n\t\t\t\t<div class=\"elementor-element elementor-element-978f11d elementor-align-center elementor-widget elementor-widget-button\" data-id=\"978f11d\" data-element_type=\"widget\" data-widget_type=\"button.default\">\n\t\t\t\t<div class=\"elementor-widget-container\">\n\t\t\t\t\t\t\t\t\t<div class=\"elementor-button-wrapper\">\n\t\t\t\t\t<a class=\"elementor-button elementor-button-link elementor-size-xl elementor-animation-grow\" href=\"https:\/\/geomatics.fsv.cvut.cz\/wp-content\/uploads\/2023\/01\/novy_projekt.docx\" target=\"_blank\">\n\t\t\t\t\t\t<span class=\"elementor-button-content-wrapper\">\n\t\t\t\t\t\t<span class=\"elementor-button-icon\">\n\t\t\t\t<i aria-hidden=\"true\" class=\"fas fa-download\"><\/i>\t\t\t<\/span>\n\t\t\t\t\t\t\t\t\t<span class=\"elementor-button-text\">ST\u00c1HNOUT<br> <span class=\"bottom-small-text\">novy_projekt.docx<\/span><\/span>\n\t\t\t\t\t<\/span>\n\t\t\t\t\t<\/a>\n\t\t\t\t<\/div>\n\t\t\t\t\t\t\t\t<\/div>\n\t\t\t\t<\/div>\n\t\t\t\t<div class=\"elementor-element elementor-element-9093ba5 elementor-widget elementor-widget-text-editor\" data-id=\"9093ba5\" data-element_type=\"widget\" data-widget_type=\"text-editor.default\">\n\t\t\t\t<div class=\"elementor-widget-container\">\n\t\t\t\t\t\t\t\t\t<p>Otev\u0159i ho ve Wordu<\/p>\t\t\t\t\t\t\t\t<\/div>\n\t\t\t\t<\/div>\n\t\t\t\t<div class=\"elementor-element elementor-element-043a832 elementor-widget elementor-widget-text-editor\" data-id=\"043a832\" data-element_type=\"widget\" data-widget_type=\"text-editor.default\">\n\t\t\t\t<div class=\"elementor-widget-container\">\n\t\t\t\t\t\t\t\t\t<p>P\u0159idej\/uprav \u00fadaje tak, aby odpov\u00eddaly dan\u00e9mu projektu<\/p>\t\t\t\t\t\t\t\t<\/div>\n\t\t\t\t<\/div>\n\t\t\t\t<div class=\"elementor-element elementor-element-423a558 elementor-widget elementor-widget-text-editor\" data-id=\"423a558\" data-element_type=\"widget\" data-widget_type=\"text-editor.default\">\n\t\t\t\t<div class=\"elementor-widget-container\">\n\t\t\t\t\t\t\t\t\t<p>Soubor ulo\u017e (n\u00e1zev souboru = jm\u00e9no projektu) a zkop\u00edruj na fakultn\u00ed disk <strong>S:<\/strong> do slo\u017eky<\/p>\t\t\t\t\t\t\t\t<\/div>\n\t\t\t\t<\/div>\n\t\t\t\t<div class=\"elementor-element elementor-element-c3e4afa elementor-view-default elementor-widget elementor-widget-icon\" data-id=\"c3e4afa\" data-element_type=\"widget\" data-widget_type=\"icon.default\">\n\t\t\t\t<div class=\"elementor-widget-container\">\n\t\t\t\t\t\t\t<div class=\"elementor-icon-wrapper\">\n\t\t\t<div class=\"elementor-icon\">\n\t\t\t<i aria-hidden=\"true\" class=\"fas fa-arrow-down\"><\/i>\t\t\t<\/div>\n\t\t<\/div>\n\t\t\t\t\t\t<\/div>\n\t\t\t\t<\/div>\n\t\t\t\t<div class=\"elementor-element elementor-element-c0baf23 elementor-widget elementor-widget-text-editor\" data-id=\"c0baf23\" data-element_type=\"widget\" data-widget_type=\"text-editor.default\">\n\t\t\t\t<div class=\"elementor-widget-container\">\n\t\t\t\t\t\t\t\t\t<p>Shares\\K155\\Public\\Webovky\\<strong>Projekty<\/strong><\/p>\t\t\t\t\t\t\t\t<\/div>\n\t\t\t\t<\/div>\n\t\t\t\t<div class=\"elementor-element elementor-element-df82152 text01 elementor-widget elementor-widget-text-editor\" data-id=\"df82152\" data-element_type=\"widget\" data-widget_type=\"text-editor.default\">\n\t\t\t\t<div class=\"elementor-widget-container\">\n\t\t\t\t\t\t\t\t\t<p>Zm\u011bny nahla\u0161 <strong><a href=\"mailto:vojtech.cehak@fsv.cvut.cz\"><span style=\"text-decoration: underline;\">administr\u00e1torovi<\/span><\/a><\/strong><\/p>\t\t\t\t\t\t\t\t<\/div>\n\t\t\t\t<\/div>\n\t\t\t\t<\/div>\n\t\t<div class=\"elementor-element elementor-element-d0d9c01 e-con-full e-flex e-con e-parent\" data-id=\"d0d9c01\" data-element_type=\"container\" data-settings=\"{&quot;background_background&quot;:&quot;classic&quot;}\">\n\t\t\t\t<div class=\"elementor-element elementor-element-922d578 elementor-widget elementor-widget-heading\" data-id=\"922d578\" data-element_type=\"widget\" data-widget_type=\"heading.default\">\n\t\t\t\t<div class=\"elementor-widget-container\">\n\t\t\t\t\t<h2 class=\"elementor-heading-title elementor-size-default\">Jak upravit \u00fadaje na osobn\u00ed str\u00e1nce<\/h2>\t\t\t\t<\/div>\n\t\t\t\t<\/div>\n\t\t\t\t<div class=\"elementor-element elementor-element-d3c67ab elementor-widget-divider--view-line elementor-widget elementor-widget-divider\" data-id=\"d3c67ab\" data-element_type=\"widget\" data-widget_type=\"divider.default\">\n\t\t\t\t<div class=\"elementor-widget-container\">\n\t\t\t\t\t\t\t<div class=\"elementor-divider\">\n\t\t\t<span class=\"elementor-divider-separator\">\n\t\t\t\t\t\t<\/span>\n\t\t<\/div>\n\t\t\t\t\t\t<\/div>\n\t\t\t\t<\/div>\n\t\t\t\t<div class=\"elementor-element elementor-element-073c31a elementor-widget elementor-widget-text-editor\" data-id=\"073c31a\" data-element_type=\"widget\" data-widget_type=\"text-editor.default\">\n\t\t\t\t<div class=\"elementor-widget-container\">\n\t\t\t\t\t\t\t\t\t<p>N\u00ed\u017ee si st\u00e1hni soubor .DOCX<\/p>\t\t\t\t\t\t\t\t<\/div>\n\t\t\t\t<\/div>\n\t\t\t\t<div class=\"elementor-element elementor-element-6bc2c7c elementor-align-center elementor-widget elementor-widget-button\" data-id=\"6bc2c7c\" data-element_type=\"widget\" data-widget_type=\"button.default\">\n\t\t\t\t<div class=\"elementor-widget-container\">\n\t\t\t\t\t\t\t\t\t<div class=\"elementor-button-wrapper\">\n\t\t\t\t\t<a class=\"elementor-button elementor-size-xl elementor-animation-grow\" role=\"button\">\n\t\t\t\t\t\t<span class=\"elementor-button-content-wrapper\">\n\t\t\t\t\t\t<span class=\"elementor-button-icon\">\n\t\t\t\t<i aria-hidden=\"true\" class=\"fas fa-download\"><\/i>\t\t\t<\/span>\n\t\t\t\t\t\t\t\t\t<span class=\"elementor-button-text\">ST\u00c1HNOUT<br> <span class=\"bottom-small-text\">osobni_stranka.docx<\/span><\/span>\n\t\t\t\t\t<\/span>\n\t\t\t\t\t<\/a>\n\t\t\t\t<\/div>\n\t\t\t\t\t\t\t\t<\/div>\n\t\t\t\t<\/div>\n\t\t\t\t<div class=\"elementor-element elementor-element-df203cf elementor-widget elementor-widget-text-editor\" data-id=\"df203cf\" data-element_type=\"widget\" data-widget_type=\"text-editor.default\">\n\t\t\t\t<div class=\"elementor-widget-container\">\n\t\t\t\t\t\t\t\t\t<p>Otev\u0159i ho ve Wordu<\/p>\t\t\t\t\t\t\t\t<\/div>\n\t\t\t\t<\/div>\n\t\t\t\t<div class=\"elementor-element elementor-element-6aeec39 elementor-widget elementor-widget-text-editor\" data-id=\"6aeec39\" data-element_type=\"widget\" data-widget_type=\"text-editor.default\">\n\t\t\t\t<div class=\"elementor-widget-container\">\n\t\t\t\t\t\t\t\t\t<p>P\u0159idej\/uprav \u00fadaje tak, aby odpov\u00eddaly tv\u00fdm p\u0159edstav\u00e1m<\/p>\t\t\t\t\t\t\t\t<\/div>\n\t\t\t\t<\/div>\n\t\t\t\t<div class=\"elementor-element elementor-element-2b3fe18 elementor-widget elementor-widget-text-editor\" data-id=\"2b3fe18\" data-element_type=\"widget\" data-widget_type=\"text-editor.default\">\n\t\t\t\t<div class=\"elementor-widget-container\">\n\t\t\t\t\t\t\t\t\t<p>Soubor ulo\u017e (n\u00e1zev souboru = tv\u00e9 jm\u00e9no) a zkop\u00edruj na fakultn\u00ed disk <strong>S:<\/strong> do slo\u017eky<\/p>\t\t\t\t\t\t\t\t<\/div>\n\t\t\t\t<\/div>\n\t\t\t\t<div class=\"elementor-element elementor-element-844a178 elementor-view-default elementor-widget elementor-widget-icon\" data-id=\"844a178\" data-element_type=\"widget\" data-widget_type=\"icon.default\">\n\t\t\t\t<div class=\"elementor-widget-container\">\n\t\t\t\t\t\t\t<div class=\"elementor-icon-wrapper\">\n\t\t\t<div class=\"elementor-icon\">\n\t\t\t<i aria-hidden=\"true\" class=\"fas fa-arrow-down\"><\/i>\t\t\t<\/div>\n\t\t<\/div>\n\t\t\t\t\t\t<\/div>\n\t\t\t\t<\/div>\n\t\t\t\t<div class=\"elementor-element elementor-element-4335a35 elementor-widget elementor-widget-text-editor\" data-id=\"4335a35\" data-element_type=\"widget\" data-widget_type=\"text-editor.default\">\n\t\t\t\t<div class=\"elementor-widget-container\">\n\t\t\t\t\t\t\t\t\t<p>Shares\\K155\\Public\\Webovky\\<strong>Osobni_stranky<\/strong><\/p>\t\t\t\t\t\t\t\t<\/div>\n\t\t\t\t<\/div>\n\t\t\t\t<div class=\"elementor-element elementor-element-dd7d6a1 text02 elementor-widget elementor-widget-text-editor\" data-id=\"dd7d6a1\" data-element_type=\"widget\" data-widget_type=\"text-editor.default\">\n\t\t\t\t<div class=\"elementor-widget-container\">\n\t\t\t\t\t\t\t\t\t<p>Zm\u011bny nahla\u0161 <strong><a href=\"mailto:vojtech.cehak@fsv.cvut.cz\"><span style=\"text-decoration: underline;\">administr\u00e1torovi<\/span><\/a><\/strong><\/p>\t\t\t\t\t\t\t\t<\/div>\n\t\t\t\t<\/div>\n\t\t\t\t<\/div>\n\t\t\t\t\t<\/div>\n\t\t\t\t<\/div>\n\t\t\t\t<\/div>","protected":false},"excerpt":{"rendered":"<p>Administrace Tato str\u00e1nka je ur\u010dena pro editory webu Jak upravit projekt (\u010di p\u0159idat nov\u00fd) N\u00ed\u017ee si st\u00e1hni soubor .DOCX ST\u00c1HNOUT novy_projekt.docx Otev\u0159i ho ve Wordu P\u0159idej\/uprav \u00fadaje tak, aby odpov\u00eddaly dan\u00e9mu projektu Soubor ulo\u017e (n\u00e1zev souboru = jm\u00e9no projektu) a zkop\u00edruj na fakultn\u00ed disk S: do slo\u017eky SharesK155PublicWebovkyProjekty Zm\u011bny nahla\u0161 administr\u00e1torovi Jak upravit \u00fadaje na [&hellip;]<\/p>","protected":false},"author":2,"featured_media":0,"parent":0,"menu_order":0,"comment_status":"closed","ping_status":"closed","template":"elementor_header_footer","meta":{"_acf_changed":false,"om_disable_all_campaigns":false,"_monsterinsights_skip_tracking":false,"_monsterinsights_sitenote_active":false,"_monsterinsights_sitenote_note":"","_monsterinsights_sitenote_category":0,"footnotes":""},"class_list":["post-5687","page","type-page","status-publish","hentry"],"acf":[],"_links":{"self":[{"href":"https:\/\/geomatics.fsv.cvut.cz\/en\/wp-json\/wp\/v2\/pages\/5687","targetHints":{"allow":["GET"]}}],"collection":[{"href":"https:\/\/geomatics.fsv.cvut.cz\/en\/wp-json\/wp\/v2\/pages"}],"about":[{"href":"https:\/\/geomatics.fsv.cvut.cz\/en\/wp-json\/wp\/v2\/types\/page"}],"author":[{"embeddable":true,"href":"https:\/\/geomatics.fsv.cvut.cz\/en\/wp-json\/wp\/v2\/users\/2"}],"replies":[{"embeddable":true,"href":"https:\/\/geomatics.fsv.cvut.cz\/en\/wp-json\/wp\/v2\/comments?post=5687"}],"version-history":[{"count":69,"href":"https:\/\/geomatics.fsv.cvut.cz\/en\/wp-json\/wp\/v2\/pages\/5687\/revisions"}],"predecessor-version":[{"id":6411,"href":"https:\/\/geomatics.fsv.cvut.cz\/en\/wp-json\/wp\/v2\/pages\/5687\/revisions\/6411"}],"wp:attachment":[{"href":"https:\/\/geomatics.fsv.cvut.cz\/en\/wp-json\/wp\/v2\/media?parent=5687"}],"curies":[{"name":"wp","href":"https:\/\/api.w.org\/{rel}","templated":true}]}}